{"id":1944,"date":"2026-04-03T20:13:58","date_gmt":"2026-04-03T20:13:58","guid":{"rendered":"https:\/\/renewjoy.ro\/?page_id=1944"},"modified":"2026-04-06T03:43:18","modified_gmt":"2026-04-06T03:43:18","slug":"sisteme-integrate","status":"publish","type":"page","link":"https:\/\/renewjoy.ro\/en\/sisteme-integrate\/","title":{"rendered":"Major Projects"},"content":{"rendered":"<div data-elementor-type=\"wp-page\" data-elementor-id=\"1944\" class=\"elementor elementor-1944\">\n\t\t\t\t<div class=\"elementor-element elementor-element-33c36262 e-flex e-con-boxed e-con e-parent\" data-id=\"33c36262\" data-element_type=\"container\" data-e-type=\"container\" data-settings=\"{&quot;background_background&quot;:&quot;classic&quot;}\">\n\t\t\t\t\t<div class=\"e-con-inner\">\n\t\t\t\t<div class=\"elementor-element elementor-element-11d3d541 elementor-widget__width-initial elementor-widget elementor-widget-heading\" data-id=\"11d3d541\" data-element_type=\"widget\" data-e-type=\"widget\" data-widget_type=\"heading.default\">\n\t\t\t\t<div class=\"elementor-widget-container\">\n\t\t\t\t\t<p class=\"elementor-heading-title elementor-size-default\">Integrated Energy Efficiency <\/p>\t\t\t\t<\/div>\n\t\t\t\t<\/div>\n\t\t\t\t<div class=\"elementor-element elementor-element-59acde5c elementor-widget__width-initial elementor-widget elementor-widget-heading\" data-id=\"59acde5c\" data-element_type=\"widget\" data-e-type=\"widget\" data-widget_type=\"heading.default\">\n\t\t\t\t<div class=\"elementor-widget-container\">\n\t\t\t\t\t<h1 class=\"elementor-heading-title elementor-size-default\">Sustainable Energy and Reduced Consumption by over 30%<\/h1>\t\t\t\t<\/div>\n\t\t\t\t<\/div>\n\t\t\t\t\t<\/div>\n\t\t\t\t<\/div>\n\t\t<div class=\"elementor-element elementor-element-2faad7f1 e-con-full e-flex e-con e-parent\" data-id=\"2faad7f1\" data-element_type=\"container\" data-e-type=\"container\">\n\t\t<div class=\"elementor-element elementor-element-615dfefe e-con-full e-flex e-con e-child\" data-id=\"615dfefe\" data-element_type=\"container\" data-e-type=\"container\" data-settings=\"{&quot;background_background&quot;:&quot;classic&quot;}\">\n\t\t<div class=\"elementor-element elementor-element-5f0a3c8b e-con-full e-flex e-con e-child\" data-id=\"5f0a3c8b\" data-element_type=\"container\" data-e-type=\"container\" data-settings=\"{&quot;background_background&quot;:&quot;classic&quot;}\">\n\t\t\t\t<div class=\"elementor-element elementor-element-69e790df elementor-widget elementor-widget-hfe-infocard\" data-id=\"69e790df\" data-element_type=\"widget\" data-e-type=\"widget\" data-widget_type=\"hfe-infocard.default\">\n\t\t\t\t<div class=\"elementor-widget-container\">\n\t\t\t\t\t\n\t\t<div class=\"hfe-infocard\">\n\t\t\t\t\t\t\t\t\t<div class=\"hfe-infocard-title-wrap\">\n\t\t\t\t<h2 class=\"hfe-infocard-title elementor-inline-editing\" data-elementor-setting-key=\"infocard_title\" data-elementor-inline-editing-toolbar=\"basic\" >Savings<\/h2>\t\t\t<\/div>\n\t\t\t\t\t\t<div class=\"hfe-infocard-text-wrap\">\n\t\t\t\t<div class=\"hfe-infocard-text elementor-inline-editing\" data-elementor-setting-key=\"infocard_description\" data-elementor-inline-editing-toolbar=\"advanced\">\n\t\t\t\t\tOur tehnology reduces energy consumption by 30% on average. Calculation performed for an integrated project compared to the use of classic equipment.\t\t\t\t<\/div>\n\t\t\t\t\t\t\t<\/div>\n\t\t<\/div>\n\n\t\t\t\t\t\t<\/div>\n\t\t\t\t<\/div>\n\t\t\t\t<\/div>\n\t\t<div class=\"elementor-element elementor-element-2b231288 e-con-full e-flex e-con e-child\" data-id=\"2b231288\" data-element_type=\"container\" data-e-type=\"container\">\n\t\t\t\t<div class=\"elementor-element elementor-element-597e9531 elementor-widget elementor-widget-image\" data-id=\"597e9531\" data-element_type=\"widget\" data-e-type=\"widget\" data-widget_type=\"image.default\">\n\t\t\t\t<div class=\"elementor-widget-container\">\n\t\t\t\t\t\t\t\t\t\t\t\t\t\t\t<img fetchpriority=\"high\" decoding=\"async\" width=\"1920\" height=\"1404\" src=\"https:\/\/renewjoy.ro\/wp-content\/uploads\/2026\/04\/alexandra_koch-blackout-7644125_1920.jpg\" class=\"attachment-full size-full wp-image-1910\" alt=\"alexandra koch blackout 7644125 1920\" srcset=\"https:\/\/renewjoy.ro\/wp-content\/uploads\/2026\/04\/alexandra_koch-blackout-7644125_1920.jpg 1920w, https:\/\/renewjoy.ro\/wp-content\/uploads\/2026\/04\/alexandra_koch-blackout-7644125_1920-300x219.jpg 300w, https:\/\/renewjoy.ro\/wp-content\/uploads\/2026\/04\/alexandra_koch-blackout-7644125_1920-1024x749.jpg 1024w, https:\/\/renewjoy.ro\/wp-content\/uploads\/2026\/04\/alexandra_koch-blackout-7644125_1920-768x562.jpg 768w, https:\/\/renewjoy.ro\/wp-content\/uploads\/2026\/04\/alexandra_koch-blackout-7644125_1920-1536x1123.jpg 1536w, https:\/\/renewjoy.ro\/wp-content\/uploads\/2026\/04\/alexandra_koch-blackout-7644125_1920-16x12.jpg 16w\" sizes=\"(max-width: 1920px) 100vw, 1920px\" title=\"Major Projects\">\t\t\t\t\t\t\t\t\t\t\t\t\t\t\t<\/div>\n\t\t\t\t<\/div>\n\t\t\t\t<\/div>\n\t\t\t\t<\/div>\n\t\t<div class=\"elementor-element elementor-element-aad8243 e-con-full e-flex e-con e-child\" data-id=\"aad8243\" data-element_type=\"container\" data-e-type=\"container\" data-settings=\"{&quot;background_background&quot;:&quot;classic&quot;}\">\n\t\t<div class=\"elementor-element elementor-element-fffa625 e-con-full e-flex e-con e-child\" data-id=\"fffa625\" data-element_type=\"container\" data-e-type=\"container\" data-settings=\"{&quot;background_background&quot;:&quot;classic&quot;}\">\n\t\t\t\t<div class=\"elementor-element elementor-element-26d5a989 elementor-widget__width-initial elementor-widget elementor-widget-hfe-infocard\" data-id=\"26d5a989\" data-element_type=\"widget\" data-e-type=\"widget\" data-widget_type=\"hfe-infocard.default\">\n\t\t\t\t<div class=\"elementor-widget-container\">\n\t\t\t\t\t\n\t\t<div class=\"hfe-infocard\">\n\t\t\t\t\t\t\t\t\t<div class=\"hfe-infocard-title-wrap\">\n\t\t\t\t<h2 class=\"hfe-infocard-title elementor-inline-editing\" data-elementor-setting-key=\"infocard_title\" data-elementor-inline-editing-toolbar=\"basic\" >Quality<\/h2>\t\t\t<\/div>\n\t\t\t\t\t\t<div class=\"hfe-infocard-text-wrap\">\n\t\t\t\t<div class=\"hfe-infocard-text elementor-inline-editing\" data-elementor-setting-key=\"infocard_description\" data-elementor-inline-editing-toolbar=\"advanced\">\n\t\t\t\t\tOur equipment has a long lifespan, low maintenance, below-average intervention rates and can be permanently monitored through the AI-assisted monitoring and control center.\t\t\t\t<\/div>\n\t\t\t\t\t\t\t<\/div>\n\t\t<\/div>\n\n\t\t\t\t\t\t<\/div>\n\t\t\t\t<\/div>\n\t\t\t\t<\/div>\n\t\t<div class=\"elementor-element elementor-element-3a715954 e-con-full e-flex e-con e-child\" data-id=\"3a715954\" data-element_type=\"container\" data-e-type=\"container\" data-settings=\"{&quot;background_background&quot;:&quot;classic&quot;}\">\n\t\t\t\t<div class=\"elementor-element elementor-element-250a37e5 elementor-widget elementor-widget-image\" data-id=\"250a37e5\" data-element_type=\"widget\" data-e-type=\"widget\" data-widget_type=\"image.default\">\n\t\t\t\t<div class=\"elementor-widget-container\">\n\t\t\t\t\t\t\t\t\t\t\t\t\t\t\t<img decoding=\"async\" width=\"1920\" height=\"1280\" src=\"https:\/\/renewjoy.ro\/wp-content\/uploads\/2026\/04\/dexmac-circuit-4448937_1920.jpg\" class=\"attachment-full size-full wp-image-1984\" alt=\"dexmac circuit 4448937 1920\" srcset=\"https:\/\/renewjoy.ro\/wp-content\/uploads\/2026\/04\/dexmac-circuit-4448937_1920.jpg 1920w, https:\/\/renewjoy.ro\/wp-content\/uploads\/2026\/04\/dexmac-circuit-4448937_1920-300x200.jpg 300w, https:\/\/renewjoy.ro\/wp-content\/uploads\/2026\/04\/dexmac-circuit-4448937_1920-1024x683.jpg 1024w, https:\/\/renewjoy.ro\/wp-content\/uploads\/2026\/04\/dexmac-circuit-4448937_1920-768x512.jpg 768w, https:\/\/renewjoy.ro\/wp-content\/uploads\/2026\/04\/dexmac-circuit-4448937_1920-1536x1024.jpg 1536w, https:\/\/renewjoy.ro\/wp-content\/uploads\/2026\/04\/dexmac-circuit-4448937_1920-18x12.jpg 18w\" sizes=\"(max-width: 1920px) 100vw, 1920px\" title=\"Major Projects\">\t\t\t\t\t\t\t\t\t\t\t\t\t\t\t<\/div>\n\t\t\t\t<\/div>\n\t\t\t\t<\/div>\n\t\t\t\t<\/div>\n\t\t<div class=\"elementor-element elementor-element-4798f27f e-con-full e-flex e-con e-child\" data-id=\"4798f27f\" data-element_type=\"container\" data-e-type=\"container\" data-settings=\"{&quot;background_background&quot;:&quot;classic&quot;}\">\n\t\t<div class=\"elementor-element elementor-element-63dc0b06 e-con-full e-flex e-con e-child\" data-id=\"63dc0b06\" data-element_type=\"container\" data-e-type=\"container\" data-settings=\"{&quot;background_background&quot;:&quot;classic&quot;}\">\n\t\t\t\t<div class=\"elementor-element elementor-element-1f5ddebf elementor-widget elementor-widget-hfe-infocard\" data-id=\"1f5ddebf\" data-element_type=\"widget\" data-e-type=\"widget\" data-widget_type=\"hfe-infocard.default\">\n\t\t\t\t<div class=\"elementor-widget-container\">\n\t\t\t\t\t\n\t\t<div class=\"hfe-infocard\">\n\t\t\t\t\t\t\t\t\t<div class=\"hfe-infocard-title-wrap\">\n\t\t\t\t<h2 class=\"hfe-infocard-title elementor-inline-editing\" data-elementor-setting-key=\"infocard_title\" data-elementor-inline-editing-toolbar=\"basic\" >Benefits<\/h2>\t\t\t<\/div>\n\t\t\t\t\t\t<div class=\"hfe-infocard-text-wrap\">\n\t\t\t\t<div class=\"hfe-infocard-text elementor-inline-editing\" data-elementor-setting-key=\"infocard_description\" data-elementor-inline-editing-toolbar=\"advanced\">\n\t\t\t\t\tSignificant money savings. Reduction of energy costs and carbon footprint.\t\t\t\t<\/div>\n\t\t\t\t\t\t\t<\/div>\n\t\t<\/div>\n\n\t\t\t\t\t\t<\/div>\n\t\t\t\t<\/div>\n\t\t\t\t<\/div>\n\t\t<div class=\"elementor-element elementor-element-30e1fdac e-con-full e-flex e-con e-child\" data-id=\"30e1fdac\" data-element_type=\"container\" data-e-type=\"container\" data-settings=\"{&quot;background_background&quot;:&quot;classic&quot;}\">\n\t\t\t\t<div class=\"elementor-element elementor-element-29710801 elementor-widget elementor-widget-image\" data-id=\"29710801\" data-element_type=\"widget\" data-e-type=\"widget\" data-widget_type=\"image.default\">\n\t\t\t\t<div class=\"elementor-widget-container\">\n\t\t\t\t\t\t\t\t\t\t\t\t\t\t\t<img decoding=\"async\" width=\"1334\" height=\"655\" src=\"https:\/\/renewjoy.ro\/wp-content\/uploads\/2026\/04\/reduced-carbon.jpg\" class=\"attachment-full size-full wp-image-1988\" alt=\"reduced carbon\" srcset=\"https:\/\/renewjoy.ro\/wp-content\/uploads\/2026\/04\/reduced-carbon.jpg 1334w, https:\/\/renewjoy.ro\/wp-content\/uploads\/2026\/04\/reduced-carbon-300x147.jpg 300w, https:\/\/renewjoy.ro\/wp-content\/uploads\/2026\/04\/reduced-carbon-1024x503.jpg 1024w, https:\/\/renewjoy.ro\/wp-content\/uploads\/2026\/04\/reduced-carbon-768x377.jpg 768w, https:\/\/renewjoy.ro\/wp-content\/uploads\/2026\/04\/reduced-carbon-18x9.jpg 18w\" sizes=\"(max-width: 1334px) 100vw, 1334px\" title=\"Major Projects\">\t\t\t\t\t\t\t\t\t\t\t\t\t\t\t<\/div>\n\t\t\t\t<\/div>\n\t\t\t\t<\/div>\n\t\t\t\t<\/div>\n\t\t\t\t<\/div>\n\t\t<div class=\"elementor-element elementor-element-63b71400 e-flex e-con-boxed e-con e-parent\" data-id=\"63b71400\" data-element_type=\"container\" data-e-type=\"container\">\n\t\t\t\t\t<div class=\"e-con-inner\">\n\t\t\t\t<div class=\"elementor-element elementor-element-3e29f42 elementor-widget elementor-widget-icon-box\" data-id=\"3e29f42\" data-element_type=\"widget\" data-e-type=\"widget\" data-widget_type=\"icon-box.default\">\n\t\t\t\t<div class=\"elementor-widget-container\">\n\t\t\t\t\t\t\t<div class=\"elementor-icon-box-wrapper\">\n\n\t\t\t\n\t\t\t\t\t\t<div class=\"elementor-icon-box-content\">\n\n\t\t\t\t\t\t\t\t\t<h2 class=\"elementor-icon-box-title\">\n\t\t\t\t\t\t<span  >\n\t\t\t\t\t\t\t\"State of the Art Technologies for Energy Independence\"  <br>We turn efficiency into profit. Discover our integrated solutions that reduce operational costs and align your building with the sustainability standards of the future.\t\t\t\t\t\t<\/span>\n\t\t\t\t\t<\/h2>\n\t\t\t\t\n\t\t\t\t\n\t\t\t<\/div>\n\t\t\t\n\t\t<\/div>\n\t\t\t\t\t\t<\/div>\n\t\t\t\t<\/div>\n\t\t\t\t<div class=\"elementor-element elementor-element-2d9da185 elementor-widget-mobile__width-inherit scroll-image elementor-widget elementor-widget-image\" data-id=\"2d9da185\" data-element_type=\"widget\" data-e-type=\"widget\" data-widget_type=\"image.default\">\n\t\t\t\t<div class=\"elementor-widget-container\">\n\t\t\t\t\t\t\t\t\t\t\t\t\t\t\t<img loading=\"lazy\" decoding=\"async\" width=\"913\" height=\"856\" src=\"https:\/\/renewjoy.ro\/wp-content\/uploads\/2026\/04\/tehnologii-en.jpg\" class=\"attachment-large size-large wp-image-2017\" alt=\"tehnologii ro\" srcset=\"https:\/\/renewjoy.ro\/wp-content\/uploads\/2026\/04\/tehnologii-en.jpg 911w, https:\/\/renewjoy.ro\/wp-content\/uploads\/2026\/04\/tehnologii-en-300x281.jpg 300w, https:\/\/renewjoy.ro\/wp-content\/uploads\/2026\/04\/tehnologii-en-768x719.jpg 768w, https:\/\/renewjoy.ro\/wp-content\/uploads\/2026\/04\/tehnologii-en-13x12.jpg 13w\" sizes=\"(max-width: 913px) 100vw, 913px\" title=\"Major Projects\">\t\t\t\t\t\t\t\t\t\t\t\t\t\t\t<\/div>\n\t\t\t\t<\/div>\n\t\t\t\t\t<\/div>\n\t\t\t\t<\/div>\n\t\t<div class=\"elementor-element elementor-element-96a7021 e-flex e-con-boxed e-con e-parent\" data-id=\"96a7021\" data-element_type=\"container\" data-e-type=\"container\" data-settings=\"{&quot;background_background&quot;:&quot;classic&quot;}\">\n\t\t\t\t\t<div class=\"e-con-inner\">\n\t\t\t\t<div class=\"elementor-element elementor-element-26419cea elementor-widget__width-initial elementor-widget elementor-widget-heading\" data-id=\"26419cea\" data-element_type=\"widget\" data-e-type=\"widget\" data-widget_type=\"heading.default\">\n\t\t\t\t<div class=\"elementor-widget-container\">\n\t\t\t\t\t<h2 class=\"elementor-heading-title elementor-size-default\">Discover our projects <\/h2>\t\t\t\t<\/div>\n\t\t\t\t<\/div>\n\t\t\t\t\t<\/div>\n\t\t\t\t<\/div>\n\t\t<div class=\"elementor-element elementor-element-2007a356 e-flex e-con-boxed e-con e-parent\" data-id=\"2007a356\" data-element_type=\"container\" data-e-type=\"container\">\n\t\t\t\t\t<div class=\"e-con-inner\">\n\t\t<div class=\"elementor-element elementor-element-280b7219 e-con-full e-flex e-con e-child\" data-id=\"280b7219\" data-element_type=\"container\" data-e-type=\"container\">\n\t\t\t\t<div class=\"elementor-element elementor-element-7d32a869 elementor-widget__width-auto elementor-align-center elementor-widget elementor-widget-button\" data-id=\"7d32a869\" data-element_type=\"widget\" data-e-type=\"widget\" data-widget_type=\"button.default\">\n\t\t\t\t<div class=\"elementor-widget-container\">\n\t\t\t\t\t\t\t\t\t<div class=\"elementor-button-wrapper\">\n\t\t\t\t\t<a class=\"elementor-button elementor-button-link elementor-size-sm\" href=\"https:\/\/renewjoy.ro\/en\/proiecte_integrate\/\">\n\t\t\t\t\t\t<span class=\"elementor-button-content-wrapper\">\n\t\t\t\t\t\t<span class=\"elementor-button-icon\">\n\t\t\t\t<svg aria-hidden=\"true\" class=\"e-font-icon-svg e-far-images\" viewbox=\"0 0 576 512\" xmlns=\"http:\/\/www.w3.org\/2000\/svg\"><path d=\"M480 416v16c0 26.51-21.49 48-48 48H48c-26.51 0-48-21.49-48-48V176c0-26.51 21.49-48 48-48h16v48H54a6 6 0 0 0-6 6v244a6 6 0 0 0 6 6h372a6 6 0 0 0 6-6v-10h48zm42-336H150a6 6 0 0 0-6 6v244a6 6 0 0 0 6 6h372a6 6 0 0 0 6-6V86a6 6 0 0 0-6-6zm6-48c26.51 0 48 21.49 48 48v256c0 26.51-21.49 48-48 48H144c-26.51 0-48-21.49-48-48V80c0-26.51 21.49-48 48-48h384zM264 144c0 22.091-17.909 40-40 40s-40-17.909-40-40 17.909-40 40-40 40 17.909 40 40zm-72 96l39.515-39.515c4.686-4.686 12.284-4.686 16.971 0L288 240l103.515-103.515c4.686-4.686 12.284-4.686 16.971 0L480 208v80H192v-48z\"><\/path><\/svg>\t\t\t<\/span>\n\t\t\t\t\t\t\t\t\t<span class=\"elementor-button-text\">see our projects<\/span>\n\t\t\t\t\t<\/span>\n\t\t\t\t\t<\/a>\n\t\t\t\t<\/div>\n\t\t\t\t\t\t\t\t<\/div>\n\t\t\t\t<\/div>\n\t\t\t\t<\/div>\n\t\t<div class=\"elementor-element elementor-element-28ec6947 e-con-full e-flex e-con e-child\" data-id=\"28ec6947\" data-element_type=\"container\" data-e-type=\"container\">\n\t\t\t\t<\/div>\n\t\t\t\t\t<\/div>\n\t\t\t\t<\/div>\n\t\t<div class=\"elementor-element elementor-element-42afad2f e-flex e-con-boxed e-con e-parent\" data-id=\"42afad2f\" data-element_type=\"container\" data-e-type=\"container\">\n\t\t\t\t\t<div class=\"e-con-inner\">\n\t\t\t\t\t<\/div>\n\t\t\t\t<\/div>\n\t\t<div class=\"elementor-element elementor-element-303f0e2e e-flex e-con-boxed e-con e-parent\" data-id=\"303f0e2e\" data-element_type=\"container\" data-e-type=\"container\">\n\t\t\t\t\t<div class=\"e-con-inner\">\n\t\t\t\t\t<\/div>\n\t\t\t\t<\/div>\n\t\t\t\t<\/div>","protected":false},"excerpt":{"rendered":"<p>Eficien\u021b\u0103 Energetic\u0103 Integrat\u0103 Energie Sustenabil\u0103 \u0219i Consum Redus cu peste 30% Economie Echipamentele noastre reduc cu 30% in medie consumul [&hellip;]<\/p>\n","protected":false},"author":1,"featured_media":0,"parent":0,"menu_order":0,"comment_status":"closed","ping_status":"closed","template":"","meta":{"site-sidebar-layout":"no-sidebar","site-content-layout":"","ast-site-content-layout":"full-width-container","site-content-style":"default","site-sidebar-style":"default","ast-global-header-display":"","ast-banner-title-visibility":"disabled","ast-main-header-display":"","ast-hfb-above-header-display":"","ast-hfb-below-header-display":"","ast-hfb-mobile-header-display":"","site-post-title":"","ast-breadcrumbs-content":"","ast-featured-img":"disabled","footer-sml-layout":"","ast-disable-related-posts":"","theme-transparent-header-meta":"enabled","adv-header-id-meta":"","stick-header-meta":"","header-above-stick-meta":"","header-main-stick-meta":"","header-below-stick-meta":"","astra-migrate-meta-layouts":"default","ast-page-background-enabled":"default","ast-page-background-meta":{"desktop":{"background-color":"var(--ast-global-color-4)","background-image":"","background-repeat":"repeat","background-position":"center center","background-size":"auto","background-attachment":"scroll","background-type":"","background-media":"","overlay-type":"","overlay-color":"","overlay-opacity":"","overlay-gradient":""},"tablet":{"background-color":"","background-image":"","background-repeat":"repeat","background-position":"center center","background-size":"auto","background-attachment":"scroll","background-type":"","background-media":"","overlay-type":"","overlay-color":"","overlay-opacity":"","overlay-gradient":""},"mobile":{"background-color":"","background-image":"","background-repeat":"repeat","background-position":"center center","background-size":"auto","background-attachment":"scroll","background-type":"","background-media":"","overlay-type":"","overlay-color":"","overlay-opacity":"","overlay-gradient":""}},"ast-content-background-meta":{"desktop":{"background-color":"var(--ast-global-color-5)","background-image":"","background-repeat":"repeat","background-position":"center center","background-size":"auto","background-attachment":"scroll","background-type":"","background-media":"","overlay-type":"","overlay-color":"","overlay-opacity":"","overlay-gradient":""},"tablet":{"background-color":"var(--ast-global-color-5)","background-image":"","background-repeat":"repeat","background-position":"center center","background-size":"auto","background-attachment":"scroll","background-type":"","background-media":"","overlay-type":"","overlay-color":"","overlay-opacity":"","overlay-gradient":""},"mobile":{"background-color":"var(--ast-global-color-5)","background-image":"","background-repeat":"repeat","background-position":"center center","background-size":"auto","background-attachment":"scroll","background-type":"","background-media":"","overlay-type":"","overlay-color":"","overlay-opacity":"","overlay-gradient":""}},"footnotes":""},"class_list":["post-1944","page","type-page","status-publish","hentry"],"_links":{"self":[{"href":"https:\/\/renewjoy.ro\/en\/wp-json\/wp\/v2\/pages\/1944","targetHints":{"allow":["GET"]}}],"collection":[{"href":"https:\/\/renewjoy.ro\/en\/wp-json\/wp\/v2\/pages"}],"about":[{"href":"https:\/\/renewjoy.ro\/en\/wp-json\/wp\/v2\/types\/page"}],"author":[{"embeddable":true,"href":"https:\/\/renewjoy.ro\/en\/wp-json\/wp\/v2\/users\/1"}],"replies":[{"embeddable":true,"href":"https:\/\/renewjoy.ro\/en\/wp-json\/wp\/v2\/comments?post=1944"}],"version-history":[{"count":84,"href":"https:\/\/renewjoy.ro\/en\/wp-json\/wp\/v2\/pages\/1944\/revisions"}],"predecessor-version":[{"id":2061,"href":"https:\/\/renewjoy.ro\/en\/wp-json\/wp\/v2\/pages\/1944\/revisions\/2061"}],"wp:attachment":[{"href":"https:\/\/renewjoy.ro\/en\/wp-json\/wp\/v2\/media?parent=1944"}],"curies":[{"name":"wp","href":"https:\/\/api.w.org\/{rel}","templated":true}]}}